{"id":1909,"date":"2021-03-11T04:27:06","date_gmt":"2021-03-11T04:27:06","guid":{"rendered":"https:\/\/www.eiesa.mincin.cu\/?page_id=1909"},"modified":"2021-03-11T05:05:40","modified_gmt":"2021-03-11T05:05:40","slug":"cookies","status":"publish","type":"page","link":"https:\/\/www.eiesa.mincin.cu\/?page_id=1909","title":{"rendered":"Cookies"},"content":{"rendered":"<div class=\"cli_pg_page_contaner\">\n<h3>Acerca de esta pol\u00edtica de cookies<\/h3>\n<div>Esta Pol\u00edtica de cookies explica qu\u00e9 son las cookies y c\u00f3mo las utilizamos, los tipos de cookies que utilizamos, es decir, la informaci\u00f3n que recopilamos mediante cookies y c\u00f3mo se utiliza esa informaci\u00f3n y c\u00f3mo controlar las preferencias de cookies.<\/div>\n<div><\/div>\n<div>Para obtener m\u00e1s informaci\u00f3n sobre c\u00f3mo usamos, almacenamos y mantenemos sus datos personales seguros, consulte nuestra Pol\u00edtica de privacidad.<\/div>\n<div><\/div>\n<div>Puede en cualquier momento cambiar o retirar su consentimiento de la Declaraci\u00f3n de Cookies en nuestro sitio web.<\/div>\n<div><\/div>\n<div>Obtenga m\u00e1s informaci\u00f3n sobre qui\u00e9nes somos, c\u00f3mo puede ponerse en contacto con nosotros y c\u00f3mo procesamos los datos personales en nuestra Pol\u00edtica de privacidad.<\/div>\n<div><\/div>\n<h3>\u00bfQu\u00e9 son las cookies?<\/h3>\n<div>Las cookies son peque\u00f1os archivos de texto que se utilizan para almacenar peque\u00f1os fragmentos de informaci\u00f3n. Se almacenan en su dispositivo cuando el sitio web est\u00e1 cargado en su navegador. Estas cookies nos ayudan a que el sitio web funcione correctamente, lo hacen m\u00e1s seguro, proporcionan una mejor experiencia de usuario y entienden c\u00f3mo funciona el sitio web y a analizar lo que funciona y d\u00f3nde necesita mejoras.<\/div>\n<h3>\u00bfC\u00f3mo utilizamos las cookies?<\/h3>\n<div>Como la mayor\u00eda de los servicios en l\u00ednea, nuestro sitio web utiliza cookies propias y de terceros para varios fines. Las cookies de origen son en su mayor\u00eda necesarias para que el sitio web funcione de la manera correcta, y no recopilan ninguno de sus datos de identificaci\u00f3n personal.<\/div>\n<div><\/div>\n<div>Las cookies de terceros utilizadas en nuestro sitio web son principalmente para entender c\u00f3mo funciona el sitio web, c\u00f3mo interact\u00faa con nuestro sitio web, mantener nuestros servicios seguros, proporcionar anuncios que son relevantes para usted, y todo lo que le proporciona una mejor y mejorada experiencia de usuario y ayudar a acelerar sus futuras interacciones con nuestro sitio web.<\/div>\n<h3>\u00bfQu\u00e9 tipos de cookies utilizamos?<\/h3>\n<div><strong>Esencial<\/strong>: Algunas cookies son esenciales para que pueda experimentar la funcionalidad completa de nuestro sitio. Nos permiten mantener las sesiones de usuario y evitar cualquier amenaza a la seguridad. No recopilan ni almacenan ninguna informaci\u00f3n personal. Por ejemplo, estas cookies le permiten iniciar sesi\u00f3n en su cuenta y agregar productos a su cesta, y el pago de forma segura.<\/div>\n<div><\/div>\n<div><strong>Estad\u00edsticas<\/strong>: Estas cookies almacenan informaci\u00f3n como el n\u00famero de visitantes al sitio web, el n\u00famero de visitantes \u00fanicos, qu\u00e9 p\u00e1ginas del sitio web han sido visitadas, el origen de la visita, etc. Estos datos nos ayudan a entender y analizar el rendimiento del sitio web y d\u00f3nde necesita mejoras.<\/div>\n<div><\/div>\n<div><strong>Marketing<\/strong>: Nuestro sitio web muestra anuncios. Estas cookies se utilizan para personalizar los anuncios que le mostramos para que sean significativos para usted. Estas cookies tambi\u00e9n nos ayudan a realizar un seguimiento de la eficiencia de estas campa\u00f1as publicitarias.<\/div>\n<div><\/div>\n<div>La informaci\u00f3n almacenada en estas cookies tambi\u00e9n puede ser utilizada por los proveedores de anuncios externos para mostrarle anuncios en otros sitios web del navegador tambi\u00e9n.<\/div>\n<div><\/div>\n<div><strong>Funcional<\/strong>: Son las cookies que ayudan a ciertas funcionalidades no esenciales en nuestro sitio web. Estas funcionalidades incluyen la inserci\u00f3n de contenido como v\u00eddeos o el uso compartido de contenido del sitio web en plataformas de redes sociales.<\/div>\n<div><\/div>\n<div><strong>Preferencias<\/strong>: Estas cookies nos ayudan a almacenar su configuraci\u00f3n y preferencias de navegaci\u00f3n, como preferencias de idioma, para que tenga una experiencia mejor y eficiente en futuras visitas al sitio web.<\/div>\n<h3>\u00bfC\u00f3mo puedo controlar las preferencias de cookies?<\/h3>\n<div>Si decide cambiar sus preferencias m\u00e1s adelante a trav\u00e9s de su sesi\u00f3n de navegaci\u00f3n, puede hacer clic en la pesta\u00f1a &#8220;Pol\u00edtica de privacidad y cookies&#8221; en su pantalla. Esto mostrar\u00e1 de nuevo el aviso de consentimiento que le permitir\u00e1 cambiar sus preferencias o retirar su consentimiento por completo.<\/div>\n<div><\/div>\n<div>Adem\u00e1s de esto, diferentes navegadores proporcionan diferentes m\u00e9todos para bloquear y eliminar las cookies utilizadas por los sitios web. Puede cambiar la configuraci\u00f3n de su navegador para bloquear\/eliminar las cookies.<\/div>\n<div><\/div>\n<div><\/div>\n<\/div>\n","protected":false},"excerpt":{"rendered":"<p>Acerca de esta pol\u00edtica de cookies Esta Pol\u00edtica de cookies explica qu\u00e9 son las cookies y c\u00f3mo las utilizamos, los tipos de cookies que utilizamos, es decir, la informaci\u00f3n que recopilamos mediante cookies y c\u00f3mo se utiliza esa informaci\u00f3n y c\u00f3mo controlar las preferencias de cookies. Para obtener m\u00e1s informaci\u00f3n sobre c\u00f3mo usamos, almacenamos y<a href=\"https:\/\/www.eiesa.mincin.cu\/?page_id=1909\">[&#8230;Leer M\u00e1s]<\/a><\/p>\n","protected":false},"author":6,"featured_media":0,"parent":0,"menu_order":0,"comment_status":"closed","ping_status":"closed","template":"elementor_header_footer","meta":{"footnotes":""},"class_list":["post-1909","page","type-page","status-publish","hentry"],"yoast_head":"<!-- This site is optimized with the Yoast SEO plugin v16.4 - https:\/\/yoast.com\/wordpress\/plugins\/seo\/ -->\n<title>Cookies - EIESA<\/title>\n<meta name=\"robots\" content=\"noindex, follow, max-snippet:-1, max-image-preview:large, max-video-preview:-1\" \/>\n<meta property=\"og:locale\" content=\"es_ES\" \/>\n<meta property=\"og:type\" content=\"article\" \/>\n<meta property=\"og:title\" content=\"Cookies - EIESA\" \/>\n<meta property=\"og:description\" content=\"Acerca de esta pol\u00edtica de cookies Esta Pol\u00edtica de cookies explica qu\u00e9 son las cookies y c\u00f3mo las utilizamos, los tipos de cookies que utilizamos, es decir, la informaci\u00f3n que recopilamos mediante cookies y c\u00f3mo se utiliza esa informaci\u00f3n y c\u00f3mo controlar las preferencias de cookies. Para obtener m\u00e1s informaci\u00f3n sobre c\u00f3mo usamos, almacenamos y[...Leer M\u00e1s]\" \/>\n<meta property=\"og:url\" content=\"https:\/\/www.eiesa.mincin.cu\/?page_id=1909\" \/>\n<meta property=\"og:site_name\" content=\"EIESA\" \/>\n<meta property=\"article:modified_time\" content=\"2021-03-11T05:05:40+00:00\" \/>\n<meta name=\"twitter:card\" content=\"summary_large_image\" \/>\n<meta name=\"twitter:label1\" content=\"Tiempo de lectura\" \/>\n\t<meta name=\"twitter:data1\" content=\"3 minutos\" \/>\n<script type=\"application\/ld+json\" class=\"yoast-schema-graph\">{\"@context\":\"https:\/\/schema.org\",\"@graph\":[{\"@type\":\"WebSite\",\"@id\":\"https:\/\/www.eiesa.mincin.cu\/#website\",\"url\":\"https:\/\/www.eiesa.mincin.cu\/\",\"name\":\"EIESA\",\"description\":\"\",\"potentialAction\":[{\"@type\":\"SearchAction\",\"target\":\"https:\/\/www.eiesa.mincin.cu\/?s={search_term_string}\",\"query-input\":\"required name=search_term_string\"}],\"inLanguage\":\"es\"},{\"@type\":\"WebPage\",\"@id\":\"https:\/\/www.eiesa.mincin.cu\/?page_id=1909#webpage\",\"url\":\"https:\/\/www.eiesa.mincin.cu\/?page_id=1909\",\"name\":\"Cookies - EIESA\",\"isPartOf\":{\"@id\":\"https:\/\/www.eiesa.mincin.cu\/#website\"},\"datePublished\":\"2021-03-11T04:27:06+00:00\",\"dateModified\":\"2021-03-11T05:05:40+00:00\",\"breadcrumb\":{\"@id\":\"https:\/\/www.eiesa.mincin.cu\/?page_id=1909#breadcrumb\"},\"inLanguage\":\"es\",\"potentialAction\":[{\"@type\":\"ReadAction\",\"target\":[\"https:\/\/www.eiesa.mincin.cu\/?page_id=1909\"]}]},{\"@type\":\"BreadcrumbList\",\"@id\":\"https:\/\/www.eiesa.mincin.cu\/?page_id=1909#breadcrumb\",\"itemListElement\":[{\"@type\":\"ListItem\",\"position\":1,\"item\":{\"@type\":\"WebPage\",\"@id\":\"https:\/\/www.eiesa.mincin.cu\/\",\"url\":\"https:\/\/www.eiesa.mincin.cu\/\",\"name\":\"Inicio\"}},{\"@type\":\"ListItem\",\"position\":2,\"item\":{\"@id\":\"https:\/\/www.eiesa.mincin.cu\/?page_id=1909#webpage\"}}]}]}<\/script>\n<!-- \/ Yoast SEO plugin. -->","_links":{"self":[{"href":"https:\/\/www.eiesa.mincin.cu\/index.php?rest_route=\/wp\/v2\/pages\/1909","targetHints":{"allow":["GET"]}}],"collection":[{"href":"https:\/\/www.eiesa.mincin.cu\/index.php?rest_route=\/wp\/v2\/pages"}],"about":[{"href":"https:\/\/www.eiesa.mincin.cu\/index.php?rest_route=\/wp\/v2\/types\/page"}],"author":[{"embeddable":true,"href":"https:\/\/www.eiesa.mincin.cu\/index.php?rest_route=\/wp\/v2\/users\/6"}],"replies":[{"embeddable":true,"href":"https:\/\/www.eiesa.mincin.cu\/index.php?rest_route=%2Fwp%2Fv2%2Fcomments&post=1909"}],"version-history":[{"count":3,"href":"https:\/\/www.eiesa.mincin.cu\/index.php?rest_route=\/wp\/v2\/pages\/1909\/revisions"}],"predecessor-version":[{"id":1917,"href":"https:\/\/www.eiesa.mincin.cu\/index.php?rest_route=\/wp\/v2\/pages\/1909\/revisions\/1917"}],"wp:attachment":[{"href":"https:\/\/www.eiesa.mincin.cu\/index.php?rest_route=%2Fwp%2Fv2%2Fmedia&parent=1909"}],"curies":[{"name":"wp","href":"https:\/\/api.w.org\/{rel}","templated":true}]}}