{"id":1062,"date":"2021-02-09T08:46:37","date_gmt":"2021-02-09T08:46:37","guid":{"rendered":"https:\/\/www.eiesa.mincin.cu\/?page_id=1062"},"modified":"2021-04-21T13:23:13","modified_gmt":"2021-04-21T18:23:13","slug":"servicios","status":"publish","type":"page","link":"https:\/\/www.eiesa.mincin.cu\/?page_id=1062","title":{"rendered":"Servicios"},"content":{"rendered":"\t\t<div data-elementor-type=\"wp-page\" data-elementor-id=\"1062\" class=\"elementor elementor-1062\" data-elementor-settings=\"[]\">\n\t\t\t\t\t\t<div class=\"elementor-inner\">\n\t\t\t\t\t\t\t<div class=\"elementor-section-wrap\">\n\t\t\t\t\t\t\t<section class=\"elementor-section elementor-top-section elementor-element elementor-element-7c4f6ca elementor-section-boxed elementor-section-height-default elementor-section-height-default\" data-id=\"7c4f6ca\" data-element_type=\"section\">\n\t\t\t\t\t\t<div class=\"elementor-container elementor-column-gap-default\">\n\t\t\t\t\t\t\t<div class=\"elementor-row\">\n\t\t\t\t\t<div class=\"elementor-column elementor-col-100 elementor-top-column elementor-element elementor-element-72fbe84\" data-id=\"72fbe84\" data-element_type=\"column\">\n\t\t\t<div class=\"elementor-column-wrap elementor-element-populated\">\n\t\t\t\t\t\t\t<div class=\"elementor-widget-wrap\">\n\t\t\t\t\t\t<div class=\"elementor-element elementor-element-acd2bd4 elementor-widget elementor-widget-heading\" data-id=\"acd2bd4\" data-element_type=\"widget\" data-widget_type=\"heading.default\">\n\t\t\t\t<div class=\"elementor-widget-container\">\n\t\t\t<h2 class=\"elementor-heading-title elementor-size-default\">Servicios que ofrecemos<\/h2>\t\t<\/div>\n\t\t\t\t<\/div>\n\t\t\t\t\t\t<\/div>\n\t\t\t\t\t<\/div>\n\t\t<\/div>\n\t\t\t\t\t\t\t\t<\/div>\n\t\t\t\t\t<\/div>\n\t\t<\/section>\n\t\t\t\t<section class=\"elementor-section elementor-top-section elementor-element elementor-element-53b436c elementor-section-boxed elementor-section-height-default elementor-section-height-default elementor-invisible\" data-id=\"53b436c\" data-element_type=\"section\" data-settings=\"{&quot;background_background&quot;:&quot;classic&quot;,&quot;animation&quot;:&quot;zoomIn&quot;}\">\n\t\t\t\t\t\t\t<div class=\"elementor-background-overlay\"><\/div>\n\t\t\t\t\t\t\t<div class=\"elementor-container elementor-column-gap-default\">\n\t\t\t\t\t\t\t<div class=\"elementor-row\">\n\t\t\t\t\t<div class=\"elementor-column elementor-col-100 elementor-top-column elementor-element elementor-element-0af2151\" data-id=\"0af2151\" data-element_type=\"column\">\n\t\t\t<div class=\"elementor-column-wrap elementor-element-populated\">\n\t\t\t\t\t\t\t<div class=\"elementor-widget-wrap\">\n\t\t\t\t\t\t<div class=\"elementor-element elementor-element-1f59ae8 elementor-widget elementor-widget-wp-widget-sydney_services_type_a\" data-id=\"1f59ae8\" data-element_type=\"widget\" data-widget_type=\"wp-widget-sydney_services_type_a.default\">\n\t\t\t\t<div class=\"elementor-widget-container\">\n\t\t\t\t\t\t\r\n\t\t\t\t\t\t\t\t\t\t\t\t\t\t\t\t\t\t\t\t\t\t\t\t\t\t\t\t\t<div class=\"service col-md-4\">\r\n\t\t\t\t\t\t\t\t\t\t\t\t\t<div class=\"roll-icon-box\">\r\n\t\t\t\t\t\t\t\t\t\t\t\t\t\t\t\t\t<div class=\"service-thumb\">\r\n\t\t\t\t\t\t\t\t\t\t\t\t\t\t\t\t\t\t\t\t\t<img loading=\"lazy\" decoding=\"async\" width=\"350\" height=\"264\" src=\"https:\/\/www.eiesa.mincin.cu\/wp-content\/uploads\/2021\/03\/logo-espumas-350x264.jpg\" class=\"attachment-sydney-service-thumb size-sydney-service-thumb wp-post-image\" alt=\"\" srcset=\"https:\/\/www.eiesa.mincin.cu\/wp-content\/uploads\/2021\/03\/logo-espumas-350x264.jpg 350w, https:\/\/www.eiesa.mincin.cu\/wp-content\/uploads\/2021\/03\/logo-espumas-300x226.jpg 300w, https:\/\/www.eiesa.mincin.cu\/wp-content\/uploads\/2021\/03\/logo-espumas-1024x773.jpg 1024w, https:\/\/www.eiesa.mincin.cu\/wp-content\/uploads\/2021\/03\/logo-espumas-768x580.jpg 768w, https:\/\/www.eiesa.mincin.cu\/wp-content\/uploads\/2021\/03\/logo-espumas-830x626.jpg 830w, https:\/\/www.eiesa.mincin.cu\/wp-content\/uploads\/2021\/03\/logo-espumas-230x174.jpg 230w, https:\/\/www.eiesa.mincin.cu\/wp-content\/uploads\/2021\/03\/logo-espumas-480x362.jpg 480w, https:\/\/www.eiesa.mincin.cu\/wp-content\/uploads\/2021\/03\/logo-espumas.jpg 1426w\" sizes=\"auto, (max-width: 350px) 100vw, 350px\" \/>\t\t\t\t\t\t\t\t\t\t\t\t\t\t\t\t\t\t\t<\/div>\r\n\t\t\t\t\t\t\t\t\t\t\t\t\t\t\t\t<div class=\"content\">\r\n\t\t\t\t\t\t\t\t\t<h3>\r\n\t\t\t\t\t\t\t\t\t\t\t\t\t\t\t\t\t\t\t\t\tProyecto Espumas\t\t\t\t\t\t\t\t\t\t\t\t\t\t\t\t\t\t\t<\/h3>\r\n\t\t\t\t\t\t\t\t\t\t\t\t\t\t\t\t\t\r\n\t\t\t\t\t\t\t\t\t\t<p>ESPUM\u00c1S, es una red de lavatines con servicio de lavado y centrifugado, que brindar\u00e1n amas de casa, previamente seleccionadas por la FMC, operada por trabajadoras por cuenta<br \/>\npropia, con equipos arrendados por la empresa EIESA, perteneciente al Grupo Comercializador de Productos Industriales y de Servicios.<\/p>\n\t\t\t\t\t\t\t\t\t\t\t\t\t\t\t\t\t<\/div><!--.info-->\t\r\n\t\t\t\t\t\t\t<\/div>\r\n\t\t\t\t\t\t<\/div>\r\n\t\t\t\t\t\t\t\t\t\t\t\t\t\t\t\t\t\t\t\t\t\t\t\t\t\t\t\t\t<div class=\"service col-md-4\">\r\n\t\t\t\t\t\t\t\t\t\t\t\t\t<div class=\"roll-icon-box\">\r\n\t\t\t\t\t\t\t\t\t\t\t\t\t\t\t\t\t<div class=\"service-thumb\">\r\n\t\t\t\t\t\t\t\t\t\t\t\t\t\t\t\t\t\t\t\t\t<img loading=\"lazy\" decoding=\"async\" width=\"350\" height=\"264\" src=\"https:\/\/www.eiesa.mincin.cu\/wp-content\/uploads\/2021\/02\/FRIESA-350x264.jpg\" class=\"attachment-sydney-service-thumb size-sydney-service-thumb wp-post-image\" alt=\"\" srcset=\"https:\/\/www.eiesa.mincin.cu\/wp-content\/uploads\/2021\/02\/FRIESA-350x264.jpg 350w, https:\/\/www.eiesa.mincin.cu\/wp-content\/uploads\/2021\/02\/FRIESA-300x226.jpg 300w, https:\/\/www.eiesa.mincin.cu\/wp-content\/uploads\/2021\/02\/FRIESA-1024x772.jpg 1024w, https:\/\/www.eiesa.mincin.cu\/wp-content\/uploads\/2021\/02\/FRIESA-768x579.jpg 768w, https:\/\/www.eiesa.mincin.cu\/wp-content\/uploads\/2021\/02\/FRIESA-830x626.jpg 830w, https:\/\/www.eiesa.mincin.cu\/wp-content\/uploads\/2021\/02\/FRIESA-230x173.jpg 230w, https:\/\/www.eiesa.mincin.cu\/wp-content\/uploads\/2021\/02\/FRIESA-480x362.jpg 480w, https:\/\/www.eiesa.mincin.cu\/wp-content\/uploads\/2021\/02\/FRIESA.jpg 1426w\" sizes=\"auto, (max-width: 350px) 100vw, 350px\" \/>\t\t\t\t\t\t\t\t\t\t\t\t\t\t\t\t\t\t\t<\/div>\r\n\t\t\t\t\t\t\t\t\t\t\t\t\t\t\t\t<div class=\"content\">\r\n\t\t\t\t\t\t\t\t\t<h3>\r\n\t\t\t\t\t\t\t\t\t\t\t\t\t\t\t\t\t\t\t\t\tArrendamiento\t\t\t\t\t\t\t\t\t\t\t\t\t\t\t\t\t\t\t<\/h3>\r\n\t\t\t\t\t\t\t\t\t\t\t\t\t\t\t\t\t\r\n\t\t\t\t\t\t\t\t\t\t<p>Alquiler de equipos de refrigeraci\u00f3n nuevos (vitrinas expositoras, volumen de 490 litros, 220 volts, gas R134, 4 parillas, rango de temperatura de 0 a 7 grados), c\u00e1maras modular de fr\u00edo de 3.80 x 4.19 x 2.90 mts hasta \u2013 22 grados, motocompresor TECUMSEH, refrigerante 404 A, capacidad de almacenamiento 41 metros c\u00fabicos.<\/p>\n\t\t\t\t\t\t\t\t\t\t\t\t\t\t\t\t\t<\/div><!--.info-->\t\r\n\t\t\t\t\t\t\t<\/div>\r\n\t\t\t\t\t\t<\/div>\r\n\t\t\t\t\t\t\t\t\t\t\t\t\t\t\t\t\t\t\t\t\t\t\t\t\t\t\t\t\t<div class=\"service col-md-4\">\r\n\t\t\t\t\t\t\t\t\t\t\t\t\t<div class=\"roll-icon-box\">\r\n\t\t\t\t\t\t\t\t\t\t\t\t\t\t\t\t\t<div class=\"service-thumb\">\r\n\t\t\t\t\t\t\t\t\t\t\t\t\t\t\t\t\t\t\t\t\t<img loading=\"lazy\" decoding=\"async\" width=\"350\" height=\"263\" src=\"https:\/\/www.eiesa.mincin.cu\/wp-content\/uploads\/2021\/02\/DSC00035-350x263.jpg\" class=\"attachment-sydney-service-thumb size-sydney-service-thumb wp-post-image\" alt=\"\" srcset=\"https:\/\/www.eiesa.mincin.cu\/wp-content\/uploads\/2021\/02\/DSC00035-350x263.jpg 350w, https:\/\/www.eiesa.mincin.cu\/wp-content\/uploads\/2021\/02\/DSC00035-300x225.jpg 300w, https:\/\/www.eiesa.mincin.cu\/wp-content\/uploads\/2021\/02\/DSC00035-1024x768.jpg 1024w, https:\/\/www.eiesa.mincin.cu\/wp-content\/uploads\/2021\/02\/DSC00035-768x576.jpg 768w, https:\/\/www.eiesa.mincin.cu\/wp-content\/uploads\/2021\/02\/DSC00035-1536x1152.jpg 1536w, https:\/\/www.eiesa.mincin.cu\/wp-content\/uploads\/2021\/02\/DSC00035-2048x1536.jpg 2048w, https:\/\/www.eiesa.mincin.cu\/wp-content\/uploads\/2021\/02\/DSC00035-830x623.jpg 830w, https:\/\/www.eiesa.mincin.cu\/wp-content\/uploads\/2021\/02\/DSC00035-230x173.jpg 230w, https:\/\/www.eiesa.mincin.cu\/wp-content\/uploads\/2021\/02\/DSC00035-480x360.jpg 480w\" sizes=\"auto, (max-width: 350px) 100vw, 350px\" \/>\t\t\t\t\t\t\t\t\t\t\t\t\t\t\t\t\t\t\t<\/div>\r\n\t\t\t\t\t\t\t\t\t\t\t\t\t\t\t\t<div class=\"content\">\r\n\t\t\t\t\t\t\t\t\t<h3>\r\n\t\t\t\t\t\t\t\t\t\t\t\t\t\t\t\t\t\t\t\t\tArrendamiento\t\t\t\t\t\t\t\t\t\t\t\t\t\t\t\t\t\t\t<\/h3>\r\n\t\t\t\t\t\t\t\t\t\t\t\t\t\t\t\t\t\r\n\t\t\t\t\t\t\t\t\t\t<p>Taller de reparaci\u00f3n ligera de medios de transporte ubicado en la Lisa a solo 1 km de la autopista de Pinar de Rio y 43 km de la Zona de Desarrollo del Mariel.<\/p>\n\t\t\t\t\t\t\t\t\t\t\t\t\t\t\t\t\t<\/div><!--.info-->\t\r\n\t\t\t\t\t\t\t<\/div>\r\n\t\t\t\t\t\t<\/div>\r\n\t\t\t\t\t\t\t\t\t\t\t\t\t\t\t\t\t\t\t\t\t\t\t\t\t\t\t\t\t<div class=\"service col-md-4\">\r\n\t\t\t\t\t\t\t\t\t\t\t\t\t<div class=\"roll-icon-box\">\r\n\t\t\t\t\t\t\t\t\t\t\t\t\t\t\t\t\t<div class=\"service-thumb\">\r\n\t\t\t\t\t\t\t\t\t\t\t\t\t\t\t\t\t\t\t\t\t<img loading=\"lazy\" decoding=\"async\" width=\"350\" height=\"263\" src=\"https:\/\/www.eiesa.mincin.cu\/wp-content\/uploads\/2021\/02\/DSC00029-350x263.jpg\" class=\"attachment-sydney-service-thumb size-sydney-service-thumb wp-post-image\" alt=\"\" srcset=\"https:\/\/www.eiesa.mincin.cu\/wp-content\/uploads\/2021\/02\/DSC00029-350x263.jpg 350w, https:\/\/www.eiesa.mincin.cu\/wp-content\/uploads\/2021\/02\/DSC00029-300x225.jpg 300w, https:\/\/www.eiesa.mincin.cu\/wp-content\/uploads\/2021\/02\/DSC00029-1024x768.jpg 1024w, https:\/\/www.eiesa.mincin.cu\/wp-content\/uploads\/2021\/02\/DSC00029-768x576.jpg 768w, https:\/\/www.eiesa.mincin.cu\/wp-content\/uploads\/2021\/02\/DSC00029-1536x1152.jpg 1536w, https:\/\/www.eiesa.mincin.cu\/wp-content\/uploads\/2021\/02\/DSC00029-2048x1536.jpg 2048w, https:\/\/www.eiesa.mincin.cu\/wp-content\/uploads\/2021\/02\/DSC00029-830x623.jpg 830w, https:\/\/www.eiesa.mincin.cu\/wp-content\/uploads\/2021\/02\/DSC00029-230x173.jpg 230w, https:\/\/www.eiesa.mincin.cu\/wp-content\/uploads\/2021\/02\/DSC00029-480x360.jpg 480w\" sizes=\"auto, (max-width: 350px) 100vw, 350px\" \/>\t\t\t\t\t\t\t\t\t\t\t\t\t\t\t\t\t\t\t<\/div>\r\n\t\t\t\t\t\t\t\t\t\t\t\t\t\t\t\t<div class=\"content\">\r\n\t\t\t\t\t\t\t\t\t<h3>\r\n\t\t\t\t\t\t\t\t\t\t\t\t\t\t\t\t\t\t\t\t\tArrendamiento\t\t\t\t\t\t\t\t\t\t\t\t\t\t\t\t\t\t\t<\/h3>\r\n\t\t\t\t\t\t\t\t\t\t\t\t\t\t\t\t\t\r\n\t\t\t\t\t\t\t\t\t\t<p>Arrendamientos de almacenes y servicios log\u00edsticos incluyendo transportaci\u00f3n, operaciones de carga y descarga.<\/p>\n\t\t\t\t\t\t\t\t\t\t\t\t\t\t\t\t\t<\/div><!--.info-->\t\r\n\t\t\t\t\t\t\t<\/div>\r\n\t\t\t\t\t\t<\/div>\r\n\t\t\t\t\t\t\t\t\t\t\t\t\t\t\t\t\t\t\t\t\t\t\t\t\t\t\t\t\t<div class=\"service col-md-4\">\r\n\t\t\t\t\t\t\t\t\t\t\t\t\t<div class=\"roll-icon-box\">\r\n\t\t\t\t\t\t\t\t\t\t\t\t\t\t\t\t\t<div class=\"service-thumb\">\r\n\t\t\t\t\t\t\t\t\t\t\t\t\t\t\t\t\t\t\t\t\t<img loading=\"lazy\" decoding=\"async\" width=\"350\" height=\"250\" src=\"https:\/\/www.eiesa.mincin.cu\/wp-content\/uploads\/2021\/02\/gazon_next-350x250.jpg\" class=\"attachment-sydney-service-thumb size-sydney-service-thumb wp-post-image\" alt=\"\" srcset=\"https:\/\/www.eiesa.mincin.cu\/wp-content\/uploads\/2021\/02\/gazon_next-350x250.jpg 350w, https:\/\/www.eiesa.mincin.cu\/wp-content\/uploads\/2021\/02\/gazon_next-300x215.jpg 300w, https:\/\/www.eiesa.mincin.cu\/wp-content\/uploads\/2021\/02\/gazon_next-768x549.jpg 768w, https:\/\/www.eiesa.mincin.cu\/wp-content\/uploads\/2021\/02\/gazon_next-230x164.jpg 230w, https:\/\/www.eiesa.mincin.cu\/wp-content\/uploads\/2021\/02\/gazon_next-480x343.jpg 480w, https:\/\/www.eiesa.mincin.cu\/wp-content\/uploads\/2021\/02\/gazon_next.jpg 800w\" sizes=\"auto, (max-width: 350px) 100vw, 350px\" \/>\t\t\t\t\t\t\t\t\t\t\t\t\t\t\t\t\t\t\t<\/div>\r\n\t\t\t\t\t\t\t\t\t\t\t\t\t\t\t\t<div class=\"content\">\r\n\t\t\t\t\t\t\t\t\t<h3>\r\n\t\t\t\t\t\t\t\t\t\t\t\t\t\t\t\t\t\t\t\t\tArrendamiento\t\t\t\t\t\t\t\t\t\t\t\t\t\t\t\t\t\t\t<\/h3>\r\n\t\t\t\t\t\t\t\t\t\t\t\t\t\t\t\t\t\r\n\t\t\t\t\t\t\t\t\t\t<p>Arrendamiento de medios de transporte especializados, con disponibilidad de transporte interprovincial.<\/p>\n\t\t\t\t\t\t\t\t\t\t\t\t\t\t\t\t\t<\/div><!--.info-->\t\r\n\t\t\t\t\t\t\t<\/div>\r\n\t\t\t\t\t\t<\/div>\r\n\t\t\t\t\t\t\t\t\t\t\t\t\t\t\t\t\t\t\t\t\t\t\t\t\t\t\t\t\t<div class=\"service col-md-4\">\r\n\t\t\t\t\t\t\t\t\t\t\t\t\t<div class=\"roll-icon-box\">\r\n\t\t\t\t\t\t\t\t\t\t\t\t\t\t\t\t\t<div class=\"service-thumb\">\r\n\t\t\t\t\t\t\t\t\t\t\t\t\t\t\t\t\t\t\t\t\t<img loading=\"lazy\" decoding=\"async\" width=\"350\" height=\"233\" src=\"https:\/\/www.eiesa.mincin.cu\/wp-content\/uploads\/2021\/02\/Curso-de-aire-acondicionado-de-ventana-y-split-imagenes-3-350x233.png\" class=\"attachment-sydney-service-thumb size-sydney-service-thumb wp-post-image\" alt=\"\" srcset=\"https:\/\/www.eiesa.mincin.cu\/wp-content\/uploads\/2021\/02\/Curso-de-aire-acondicionado-de-ventana-y-split-imagenes-3-350x233.png 350w, https:\/\/www.eiesa.mincin.cu\/wp-content\/uploads\/2021\/02\/Curso-de-aire-acondicionado-de-ventana-y-split-imagenes-3-300x200.png 300w, https:\/\/www.eiesa.mincin.cu\/wp-content\/uploads\/2021\/02\/Curso-de-aire-acondicionado-de-ventana-y-split-imagenes-3-230x153.png 230w, https:\/\/www.eiesa.mincin.cu\/wp-content\/uploads\/2021\/02\/Curso-de-aire-acondicionado-de-ventana-y-split-imagenes-3-480x320.png 480w, https:\/\/www.eiesa.mincin.cu\/wp-content\/uploads\/2021\/02\/Curso-de-aire-acondicionado-de-ventana-y-split-imagenes-3.png 696w\" sizes=\"auto, (max-width: 350px) 100vw, 350px\" \/>\t\t\t\t\t\t\t\t\t\t\t\t\t\t\t\t\t\t\t<\/div>\r\n\t\t\t\t\t\t\t\t\t\t\t\t\t\t\t\t<div class=\"content\">\r\n\t\t\t\t\t\t\t\t\t<h3>\r\n\t\t\t\t\t\t\t\t\t\t\t\t\t\t\t\t\t\t\t\t\tReparaci\u00f3n y mantenimiento\t\t\t\t\t\t\t\t\t\t\t\t\t\t\t\t\t\t\t<\/h3>\r\n\t\t\t\t\t\t\t\t\t\t\t\t\t\t\t\t\t\r\n\t\t\t\t\t\t\t\t\t\t<p>Prestaci\u00f3n de servicios de reparaci\u00f3n y mantenimiento de refrigeraci\u00f3n y clima.<\/p>\n\t\t\t\t\t\t\t\t\t\t\t\t\t\t\t\t\t<\/div><!--.info-->\t\r\n\t\t\t\t\t\t\t<\/div>\r\n\t\t\t\t\t\t<\/div>\r\n\t\t\t\t\t\t\t\t\t\t\t\t\t\t\t\t\t\t\t\t\t\t\t\t\t\t\t\t\t<div class=\"service col-md-4\">\r\n\t\t\t\t\t\t\t\t\t\t\t\t\t<div class=\"roll-icon-box\">\r\n\t\t\t\t\t\t\t\t\t\t\t\t\t\t\t\t\t<div class=\"service-thumb\">\r\n\t\t\t\t\t\t\t\t\t\t\t\t\t\t\t\t\t\t\t\t\t<img loading=\"lazy\" decoding=\"async\" width=\"350\" height=\"252\" src=\"https:\/\/www.eiesa.mincin.cu\/wp-content\/uploads\/2021\/02\/d18695a9d6bc96059da7c56a01881b5c-icono-de-montacargas-350x252.jpg\" class=\"attachment-sydney-service-thumb size-sydney-service-thumb wp-post-image\" alt=\"\" srcset=\"https:\/\/www.eiesa.mincin.cu\/wp-content\/uploads\/2021\/02\/d18695a9d6bc96059da7c56a01881b5c-icono-de-montacargas-350x252.jpg 350w, https:\/\/www.eiesa.mincin.cu\/wp-content\/uploads\/2021\/02\/d18695a9d6bc96059da7c56a01881b5c-icono-de-montacargas-300x216.jpg 300w, https:\/\/www.eiesa.mincin.cu\/wp-content\/uploads\/2021\/02\/d18695a9d6bc96059da7c56a01881b5c-icono-de-montacargas-230x165.jpg 230w, https:\/\/www.eiesa.mincin.cu\/wp-content\/uploads\/2021\/02\/d18695a9d6bc96059da7c56a01881b5c-icono-de-montacargas-480x345.jpg 480w, https:\/\/www.eiesa.mincin.cu\/wp-content\/uploads\/2021\/02\/d18695a9d6bc96059da7c56a01881b5c-icono-de-montacargas.jpg 640w\" sizes=\"auto, (max-width: 350px) 100vw, 350px\" \/>\t\t\t\t\t\t\t\t\t\t\t\t\t\t\t\t\t\t\t<\/div>\r\n\t\t\t\t\t\t\t\t\t\t\t\t\t\t\t\t<div class=\"content\">\r\n\t\t\t\t\t\t\t\t\t<h3>\r\n\t\t\t\t\t\t\t\t\t\t\t\t\t\t\t\t\t\t\t\t\tMedios de Izaje\t\t\t\t\t\t\t\t\t\t\t\t\t\t\t\t\t\t\t<\/h3>\r\n\t\t\t\t\t\t\t\t\t\t\t\t\t\t\t\t\t\r\n\t\t\t\t\t\t\t\t\t\t<p style=\"text-align: left;\">Prestaci\u00f3n de servicios con medios de izaje (montacargas)<\/p>\n\t\t\t\t\t\t\t\t\t\t\t\t\t\t\t\t\t<\/div><!--.info-->\t\r\n\t\t\t\t\t\t\t<\/div>\r\n\t\t\t\t\t\t<\/div>\r\n\t\t\t\t\t\r\n\t\t\t\t\t\t\t\t\r\n\t\t\t<\/div>\n\t\t\t\t<\/div>\n\t\t\t\t\t\t<\/div>\n\t\t\t\t\t<\/div>\n\t\t<\/div>\n\t\t\t\t\t\t\t\t<\/div>\n\t\t\t\t\t<\/div>\n\t\t<\/section>\n\t\t\t\t<section class=\"elementor-section elementor-top-section elementor-element elementor-element-d2d8cfc elementor-section-boxed elementor-section-height-default elementor-section-height-default\" data-id=\"d2d8cfc\" data-element_type=\"section\">\n\t\t\t\t\t\t<div class=\"elementor-container elementor-column-gap-default\">\n\t\t\t\t\t\t\t<div class=\"elementor-row\">\n\t\t\t\t\t<div class=\"elementor-column elementor-col-100 elementor-top-column elementor-element elementor-element-9b33b5a\" data-id=\"9b33b5a\" data-element_type=\"column\">\n\t\t\t<div class=\"elementor-column-wrap elementor-element-populated\">\n\t\t\t\t\t\t\t<div class=\"elementor-widget-wrap\">\n\t\t\t\t\t\t<div class=\"elementor-element elementor-element-cc13370 elementor-widget elementor-widget-widgetkit-for-elementor-hover-image\" data-id=\"cc13370\" data-element_type=\"widget\" data-widget_type=\"widgetkit-for-elementor-hover-image.default\">\n\t\t\t\t<div class=\"elementor-widget-container\">\n\t\t\t\r\n\r\n    <div class=\"tgx-hover-image\">\r\n        <figure class=\"jazz-effect\">\r\n\r\n                            \r\n                <div class=\"hover-image\">\r\n                                            <a target=\"_self\" href=\"https:\/\/eiesa.servitiendas.cinet.cu\/\">\r\n                            <img decoding=\"async\" src=\"http:\/\/www.eiesa.mincin.cu\/wp-content\/uploads\/2021\/04\/BANER-SERVITIENDA.jpg\" alt=\"hover-image\">\r\n                                                    <\/a>\r\n                                    <\/div><!-- .hover-image -->\r\n              \r\n        <\/figure><!-- hover animation -->\r\n    <\/div> <!-- tgx-hover-image -->\r\n\r\n    <script type=\"text\/javascript\">\r\n          jQuery(function($){\r\n              if(!$('body').hasClass('wk-hover-image')){\r\n                  $('body').addClass('wk-hover-image');\r\n              }\r\n          });\r\n\r\n    <\/script>\r\n\r\n\t\t<\/div>\n\t\t\t\t<\/div>\n\t\t\t\t\t\t<\/div>\n\t\t\t\t\t<\/div>\n\t\t<\/div>\n\t\t\t\t\t\t\t\t<\/div>\n\t\t\t\t\t<\/div>\n\t\t<\/section>\n\t\t\t\t\t\t<\/div>\n\t\t\t\t\t\t<\/div>\n\t\t\t\t\t<\/div>\n\t\t","protected":false},"excerpt":{"rendered":"<p>Servicios que ofrecemos<\/p>\n","protected":false},"author":6,"featured_media":0,"parent":0,"menu_order":0,"comment_status":"closed","ping_status":"closed","template":"elementor_header_footer","meta":{"footnotes":""},"class_list":["post-1062","page","type-page","status-publish","hentry"],"yoast_head":"<!-- This site is optimized with the Yoast SEO plugin v16.4 - https:\/\/yoast.com\/wordpress\/plugins\/seo\/ -->\n<title>Servicios - EIESA<\/title>\n<meta name=\"robots\" content=\"noindex, follow, max-snippet:-1, max-image-preview:large, max-video-preview:-1\" \/>\n<meta property=\"og:locale\" content=\"es_ES\" \/>\n<meta property=\"og:type\" content=\"article\" \/>\n<meta property=\"og:title\" content=\"Servicios - EIESA\" \/>\n<meta property=\"og:description\" content=\"Servicios que ofrecemos\" \/>\n<meta property=\"og:url\" content=\"https:\/\/www.eiesa.mincin.cu\/?page_id=1062\" \/>\n<meta property=\"og:site_name\" content=\"EIESA\" \/>\n<meta property=\"article:modified_time\" content=\"2021-04-21T18:23:13+00:00\" \/>\n<meta property=\"og:image\" content=\"http:\/\/www.eiesa.mincin.cu\/wp-content\/uploads\/2021\/04\/BANER-SERVITIENDA.jpg\" \/>\n<meta name=\"twitter:card\" content=\"summary_large_image\" \/>\n<meta name=\"twitter:label1\" content=\"Tiempo de lectura\" \/>\n\t<meta name=\"twitter:data1\" content=\"3 minutos\" \/>\n<script type=\"application\/ld+json\" class=\"yoast-schema-graph\">{\"@context\":\"https:\/\/schema.org\",\"@graph\":[{\"@type\":\"WebSite\",\"@id\":\"https:\/\/www.eiesa.mincin.cu\/#website\",\"url\":\"https:\/\/www.eiesa.mincin.cu\/\",\"name\":\"EIESA\",\"description\":\"\",\"potentialAction\":[{\"@type\":\"SearchAction\",\"target\":\"https:\/\/www.eiesa.mincin.cu\/?s={search_term_string}\",\"query-input\":\"required name=search_term_string\"}],\"inLanguage\":\"es\"},{\"@type\":\"ImageObject\",\"@id\":\"https:\/\/www.eiesa.mincin.cu\/?page_id=1062#primaryimage\",\"inLanguage\":\"es\",\"url\":\"http:\/\/www.eiesa.mincin.cu\/wp-content\/uploads\/2021\/04\/BANER-SERVITIENDA.jpg\",\"contentUrl\":\"http:\/\/www.eiesa.mincin.cu\/wp-content\/uploads\/2021\/04\/BANER-SERVITIENDA.jpg\"},{\"@type\":\"WebPage\",\"@id\":\"https:\/\/www.eiesa.mincin.cu\/?page_id=1062#webpage\",\"url\":\"https:\/\/www.eiesa.mincin.cu\/?page_id=1062\",\"name\":\"Servicios - EIESA\",\"isPartOf\":{\"@id\":\"https:\/\/www.eiesa.mincin.cu\/#website\"},\"primaryImageOfPage\":{\"@id\":\"https:\/\/www.eiesa.mincin.cu\/?page_id=1062#primaryimage\"},\"datePublished\":\"2021-02-09T08:46:37+00:00\",\"dateModified\":\"2021-04-21T18:23:13+00:00\",\"breadcrumb\":{\"@id\":\"https:\/\/www.eiesa.mincin.cu\/?page_id=1062#breadcrumb\"},\"inLanguage\":\"es\",\"potentialAction\":[{\"@type\":\"ReadAction\",\"target\":[\"https:\/\/www.eiesa.mincin.cu\/?page_id=1062\"]}]},{\"@type\":\"BreadcrumbList\",\"@id\":\"https:\/\/www.eiesa.mincin.cu\/?page_id=1062#breadcrumb\",\"itemListElement\":[{\"@type\":\"ListItem\",\"position\":1,\"item\":{\"@type\":\"WebPage\",\"@id\":\"https:\/\/www.eiesa.mincin.cu\/\",\"url\":\"https:\/\/www.eiesa.mincin.cu\/\",\"name\":\"Inicio\"}},{\"@type\":\"ListItem\",\"position\":2,\"item\":{\"@id\":\"https:\/\/www.eiesa.mincin.cu\/?page_id=1062#webpage\"}}]}]}<\/script>\n<!-- \/ Yoast SEO plugin. -->","_links":{"self":[{"href":"https:\/\/www.eiesa.mincin.cu\/index.php?rest_route=\/wp\/v2\/pages\/1062","targetHints":{"allow":["GET"]}}],"collection":[{"href":"https:\/\/www.eiesa.mincin.cu\/index.php?rest_route=\/wp\/v2\/pages"}],"about":[{"href":"https:\/\/www.eiesa.mincin.cu\/index.php?rest_route=\/wp\/v2\/types\/page"}],"author":[{"embeddable":true,"href":"https:\/\/www.eiesa.mincin.cu\/index.php?rest_route=\/wp\/v2\/users\/6"}],"replies":[{"embeddable":true,"href":"https:\/\/www.eiesa.mincin.cu\/index.php?rest_route=%2Fwp%2Fv2%2Fcomments&post=1062"}],"version-history":[{"count":173,"href":"https:\/\/www.eiesa.mincin.cu\/index.php?rest_route=\/wp\/v2\/pages\/1062\/revisions"}],"predecessor-version":[{"id":1969,"href":"https:\/\/www.eiesa.mincin.cu\/index.php?rest_route=\/wp\/v2\/pages\/1062\/revisions\/1969"}],"wp:attachment":[{"href":"https:\/\/www.eiesa.mincin.cu\/index.php?rest_route=%2Fwp%2Fv2%2Fmedia&parent=1062"}],"curies":[{"name":"wp","href":"https:\/\/api.w.org\/{rel}","templated":true}]}}